{"id":1582,"date":"2024-02-15T10:40:32","date_gmt":"2024-02-15T09:40:32","guid":{"rendered":"https:\/\/kaiserdata.ch\/nos-autres-produits\/"},"modified":"2024-05-27T10:48:46","modified_gmt":"2024-05-27T08:48:46","slug":"nos-autres-produits","status":"publish","type":"page","link":"https:\/\/kaiserdata.ch\/fr\/nos-autres-produits\/","title":{"rendered":"Nos autres produits"},"content":{"rendered":"\t\t<div data-elementor-type=\"wp-page\" data-elementor-id=\"1582\" class=\"elementor elementor-1582 elementor-395\" data-elementor-post-type=\"page\">\n\t\t\t\t<div class=\"elementor-element elementor-element-2435357 e-flex e-con-boxed e-con e-parent\" data-id=\"2435357\" data-element_type=\"container\">\n\t\t\t\t\t<div class=\"e-con-inner\">\n\t\t<div class=\"elementor-element elementor-element-b20295c e-con-full e-flex e-con e-child\" data-id=\"b20295c\" data-element_type=\"container\">\n\t\t\t\t<div class=\"elementor-element elementor-element-783fe7d elementor-widget elementor-widget-heading\" data-id=\"783fe7d\" data-element_type=\"widget\" data-widget_type=\"heading.default\">\n\t\t\t\t<div class=\"elementor-widget-container\">\n\t\t\t\t\t<p class=\"elementor-heading-title elementor-size-default\">Nos autres produits<\/p>\t\t\t\t<\/div>\n\t\t\t\t<\/div>\n\t\t\t\t<div class=\"elementor-element elementor-element-088dcd8 elementor-widget elementor-widget-heading\" data-id=\"088dcd8\" data-element_type=\"widget\" data-widget_type=\"heading.default\">\n\t\t\t\t<div class=\"elementor-widget-container\">\n\t\t\t\t\t<h1 class=\"elementor-heading-title elementor-size-default\">Saisie num\u00e9rique des donn\u00e9es avec RECOscan<\/h1>\t\t\t\t<\/div>\n\t\t\t\t<\/div>\n\t\t\t\t<div class=\"elementor-element elementor-element-827d7de no-margin elementor-widget__width-initial elementor-widget elementor-widget-text-editor\" data-id=\"827d7de\" data-element_type=\"widget\" data-widget_type=\"text-editor.default\">\n\t\t\t\t<div class=\"elementor-widget-container\">\n\t\t\t\t\t\t\t\t\t<p>Nous sommes le distributeur officiel de KAISER DATA AUSTRIA. Nous vous proposons des services de conseil, de vente, d\u2019installation, de maintenance, de formation et d\u2019assistance pour tout ce qui concerne la num\u00e9risation de documents avec RECOscan.<\/p>\n\t\t\t\t\t\t\t\t<\/div>\n\t\t\t\t<\/div>\n\t\t\t\t<\/div>\n\t\t\t\t\t<\/div>\n\t\t\t\t<\/div>\n\t\t<div class=\"elementor-element elementor-element-af2d7da e-flex e-con-boxed e-con e-parent\" data-id=\"af2d7da\" data-element_type=\"container\">\n\t\t\t\t\t<div class=\"e-con-inner\">\n\t\t<div class=\"elementor-element elementor-element-80a715e e-flex e-con-boxed e-con e-child\" data-id=\"80a715e\" data-element_type=\"container\">\n\t\t\t\t\t<div class=\"e-con-inner\">\n\t\t<div class=\"elementor-element elementor-element-4d395ac e-con-full e-flex e-con e-child\" data-id=\"4d395ac\" data-element_type=\"container\">\n\t\t\t\t<div class=\"elementor-element elementor-element-1904fba elementor-widget elementor-widget-heading\" data-id=\"1904fba\" data-element_type=\"widget\" data-widget_type=\"heading.default\">\n\t\t\t\t<div class=\"elementor-widget-container\">\n\t\t\t\t\t<h2 class=\"elementor-heading-title elementor-size-default\">Des solutions fiables pour le secteur de la sant\u00e9<\/h2>\t\t\t\t<\/div>\n\t\t\t\t<\/div>\n\t\t\t\t<\/div>\n\t\t<div class=\"elementor-element elementor-element-5441fe0 e-con-full e-flex e-con e-child\" data-id=\"5441fe0\" data-element_type=\"container\">\n\t\t\t\t<div class=\"elementor-element elementor-element-7c54fc6 no-margin elementor-widget elementor-widget-text-editor\" data-id=\"7c54fc6\" data-element_type=\"widget\" data-widget_type=\"text-editor.default\">\n\t\t\t\t<div class=\"elementor-widget-container\">\n\t\t\t\t\t\t\t\t\t<p>Les cabinets m\u00e9dicaux, les cliniques et les laboratoires ont besoin de formules efficaces pour num\u00e9riser les documents papier. RECOscan est une solution compl\u00e8te, flexible et performante pour la saisie automatis\u00e9e des documents. S\u2019int\u00e9grant ais\u00e9ment dans des syst\u00e8mes existants, ce logiciel vous aide \u00e0 \u00e9changer des donn\u00e9es avec des syst\u00e8mes externes. Notre solution de num\u00e9risation puissante vous permet d\u2019am\u00e9liorer l\u2019efficacit\u00e9 et la s\u00e9curit\u00e9 de votre environnement de travail.   <\/p>\n\t\t\t\t\t\t\t\t<\/div>\n\t\t\t\t<\/div>\n\t\t\t\t<\/div>\n\t\t\t\t\t<\/div>\n\t\t\t\t<\/div>\n\t\t\t\t\t<\/div>\n\t\t\t\t<\/div>\n\t\t<div class=\"elementor-element elementor-element-5f05462 e-flex e-con-boxed e-con e-parent\" data-id=\"5f05462\" data-element_type=\"container\">\n\t\t\t\t\t<div class=\"e-con-inner\">\n\t\t\t\t<div class=\"elementor-element elementor-element-49d3fa8 elementor-widget__width-initial no-margin elementor-widget elementor-widget-text-editor\" data-id=\"49d3fa8\" data-element_type=\"widget\" data-widget_type=\"text-editor.default\">\n\t\t\t\t<div class=\"elementor-widget-container\">\n\t\t\t\t\t\t\t\t\t<p>La saisie \u00e9lectronique des donn\u00e9es, \u00e7a vous int\u00e9resse? Vous exigez une solution performante, pr\u00e9cise et flexible? Nous \u00e9valuerons vos besoins en mati\u00e8re de num\u00e9risation et vous proposerons un devis sans engagement de votre part. <\/p>\n\t\t\t\t\t\t\t\t<\/div>\n\t\t\t\t<\/div>\n\t\t\t\t<div class=\"elementor-element elementor-element-ae4e90e elementor-widget elementor-widget-button\" data-id=\"ae4e90e\" data-element_type=\"widget\" data-widget_type=\"button.default\">\n\t\t\t\t<div class=\"elementor-widget-container\">\n\t\t\t\t\t\t\t\t\t<div class=\"elementor-button-wrapper\">\n\t\t\t\t\t<a class=\"elementor-button elementor-button-link elementor-size-sm\" href=\"https:\/\/kaiserdata.ch\/fr\/contact\/\">\n\t\t\t\t\t\t<span class=\"elementor-button-content-wrapper\">\n\t\t\t\t\t\t<span class=\"elementor-button-icon\">\n\t\t\t\t<i aria-hidden=\"true\" class=\"icon icon-arrow-right\"><\/i>\t\t\t<\/span>\n\t\t\t\t\t\t\t\t\t<span class=\"elementor-button-text\">Je prends contact<\/span>\n\t\t\t\t\t<\/span>\n\t\t\t\t\t<\/a>\n\t\t\t\t<\/div>\n\t\t\t\t\t\t\t\t<\/div>\n\t\t\t\t<\/div>\n\t\t\t\t\t<\/div>\n\t\t\t\t<\/div>\n\t\t<div class=\"elementor-element elementor-element-4dea93e e-flex e-con-boxed e-con e-parent\" data-id=\"4dea93e\" data-element_type=\"container\">\n\t\t\t\t\t<div class=\"e-con-inner\">\n\t\t<div class=\"elementor-element elementor-element-2f43a76 e-con-full e-flex e-con e-child\" data-id=\"2f43a76\" data-element_type=\"container\">\n\t\t\t\t<div class=\"elementor-element elementor-element-4c69a8e elementor-widget elementor-widget-heading\" data-id=\"4c69a8e\" data-element_type=\"widget\" data-widget_type=\"heading.default\">\n\t\t\t\t<div class=\"elementor-widget-container\">\n\t\t\t\t\t<h3 class=\"elementor-heading-title elementor-size-default\">Personnalisation de formulaires<\/h3>\t\t\t\t<\/div>\n\t\t\t\t<\/div>\n\t\t\t\t<div class=\"elementor-element elementor-element-ea97332 no-margin elementor-widget elementor-widget-text-editor\" data-id=\"ea97332\" data-element_type=\"widget\" data-widget_type=\"text-editor.default\">\n\t\t\t\t<div class=\"elementor-widget-container\">\n\t\t\t\t\t\t\t\t\t<p>Nous concevons et produisons des formulaires lisibles par machine pour le secteur de la sant\u00e9. Ils sont compatibles avec le logiciel RECOscan.<\/p>\n\t\t\t\t\t\t\t\t<\/div>\n\t\t\t\t<\/div>\n\t\t\t\t<\/div>\n\t\t<div class=\"elementor-element elementor-element-28617d6 e-con-full e-flex e-con e-child\" data-id=\"28617d6\" data-element_type=\"container\">\n\t\t\t\t<div class=\"elementor-element elementor-element-5cd036b elementor-widget elementor-widget-heading\" data-id=\"5cd036b\" data-element_type=\"widget\" data-widget_type=\"heading.default\">\n\t\t\t\t<div class=\"elementor-widget-container\">\n\t\t\t\t\t<h3 class=\"elementor-heading-title elementor-size-default\">Scanneurs de documents<\/h3>\t\t\t\t<\/div>\n\t\t\t\t<\/div>\n\t\t\t\t<div class=\"elementor-element elementor-element-4eec807 no-margin elementor-widget elementor-widget-text-editor\" data-id=\"4eec807\" data-element_type=\"widget\" data-widget_type=\"text-editor.default\">\n\t\t\t\t<div class=\"elementor-widget-container\">\n\t\t\t\t\t\t\t\t\t<p>Nous vous proposons des scanneurs de documents Canon. Certifi\u00e9s et compatibles avec le logiciel RECOscan, ils remplacent avantageusement les appareils OMR. <\/p>\n\t\t\t\t\t\t\t\t<\/div>\n\t\t\t\t<\/div>\n\t\t\t\t<\/div>\n\t\t\t\t\t<\/div>\n\t\t\t\t<\/div>\n\t\t<div class=\"elementor-element elementor-element-b4a1f6e e-flex e-con-boxed e-con e-parent\" data-id=\"b4a1f6e\" data-element_type=\"container\">\n\t\t\t\t\t<div class=\"e-con-inner\">\n\t\t<div class=\"elementor-element elementor-element-62de5553 e-con-full e-flex elementor-invisible e-con e-child\" data-id=\"62de5553\" data-element_type=\"container\" data-settings=\"{&quot;animation_laptop&quot;:&quot;fadeInUp&quot;,&quot;animation&quot;:&quot;fadeInUp&quot;}\">\n\t\t<div class=\"elementor-element elementor-element-6f31fe1a e-flex e-con-boxed e-con e-child\" data-id=\"6f31fe1a\" data-element_type=\"container\">\n\t\t\t\t\t<div class=\"e-con-inner\">\n\t\t\t\t<div class=\"elementor-element elementor-element-6567aef6 elementor-widget elementor-widget-heading\" data-id=\"6567aef6\" data-element_type=\"widget\" data-widget_type=\"heading.default\">\n\t\t\t\t<div class=\"elementor-widget-container\">\n\t\t\t\t\t<h2 class=\"elementor-heading-title elementor-size-default\">SuisseVote\u200b<\/h2>\t\t\t\t<\/div>\n\t\t\t\t<\/div>\n\t\t\t\t<div class=\"elementor-element elementor-element-3b88cdd2 elementor-widget elementor-widget-text-editor\" data-id=\"3b88cdd2\" data-element_type=\"widget\" data-widget_type=\"text-editor.default\">\n\t\t\t\t<div class=\"elementor-widget-container\">\n\t\t\t\t\t\t\t\t\t<p>Vous vous int\u00e9ressez \u00e0 SuisseVote? Cliquez sur ce lien pour acc\u00e9der \u00e0 notre solution fiable de comptage \u00e9lectronique des voix. <\/p>\n\t\t\t\t\t\t\t\t<\/div>\n\t\t\t\t<\/div>\n\t\t\t\t\t<\/div>\n\t\t\t\t<\/div>\n\t\t\t\t<div class=\"elementor-element elementor-element-6f74e67b elementor-widget elementor-widget-tp-button\" data-id=\"6f74e67b\" data-element_type=\"widget\" data-widget_type=\"tp-button.default\">\n\t\t\t\t<div class=\"elementor-widget-container\">\n\t\t\t\t\t<div class=\"pt-plus-button-wrapper   text-left   \"><div class=\"button_parallax   \" ><div id=\"button69e1d86910e67\"  class=\" text-left ts-button content_hover_effect content_hover_float  \" ><div class=\"pt_plus_button btn69e1d86910a3e button-style-8   \"  ><div class=\"animted-content-inner \"><a href=\"https:\/\/kaiserdata.ch\/fr\/suissevote\/\" class=\"button-link-wrap \" role=\"button\" data-hover=\"Oui, je voudrais d\u00e9couvrir SuisseVote\"  >Oui, je voudrais d\u00e9couvrir SuisseVote<span class=\"btn-icon button-after\"><i aria-hidden=\"true\" class=\"icon icon-arrow-right\"><\/i><\/span><\/a><\/div><\/div><\/div><\/div><\/div>\t\t\t\t<\/div>\n\t\t\t\t<\/div>\n\t\t\t\t<\/div>\n\t\t\t\t\t<\/div>\n\t\t\t\t<\/div>\n\t\t\t\t<\/div>\n\t\t","protected":false},"excerpt":{"rendered":"<p>Nos autres produits Saisie num\u00e9rique des donn\u00e9es avec RECOscan Nous sommes le distributeur officiel de KAISER DATA AUSTRIA. Nous vous proposons des services de conseil, de vente, d\u2019installation, de maintenance, de formation et d\u2019assistance pour tout ce qui concerne la num\u00e9risation de documents avec RECOscan. Des solutions fiables pour le secteur de la sant\u00e9 Les [&hellip;]<\/p>\n","protected":false},"author":2,"featured_media":0,"parent":0,"menu_order":0,"comment_status":"closed","ping_status":"closed","template":"","meta":{"_acf_changed":false,"iawp_total_views":157,"footnotes":""},"class_list":["post-1582","page","type-page","status-publish","hentry"],"acf":[],"aioseo_notices":[],"_links":{"self":[{"href":"https:\/\/kaiserdata.ch\/fr\/wp-json\/wp\/v2\/pages\/1582","targetHints":{"allow":["GET"]}}],"collection":[{"href":"https:\/\/kaiserdata.ch\/fr\/wp-json\/wp\/v2\/pages"}],"about":[{"href":"https:\/\/kaiserdata.ch\/fr\/wp-json\/wp\/v2\/types\/page"}],"author":[{"embeddable":true,"href":"https:\/\/kaiserdata.ch\/fr\/wp-json\/wp\/v2\/users\/2"}],"replies":[{"embeddable":true,"href":"https:\/\/kaiserdata.ch\/fr\/wp-json\/wp\/v2\/comments?post=1582"}],"version-history":[{"count":3,"href":"https:\/\/kaiserdata.ch\/fr\/wp-json\/wp\/v2\/pages\/1582\/revisions"}],"predecessor-version":[{"id":1658,"href":"https:\/\/kaiserdata.ch\/fr\/wp-json\/wp\/v2\/pages\/1582\/revisions\/1658"}],"wp:attachment":[{"href":"https:\/\/kaiserdata.ch\/fr\/wp-json\/wp\/v2\/media?parent=1582"}],"curies":[{"name":"wp","href":"https:\/\/api.w.org\/{rel}","templated":true}]}}