{"id":1576,"date":"2024-02-16T13:43:26","date_gmt":"2024-02-16T12:43:26","guid":{"rendered":"https:\/\/kaiserdata.ch\/contact\/"},"modified":"2024-07-02T09:59:01","modified_gmt":"2024-07-02T07:59:01","slug":"contact","status":"publish","type":"page","link":"https:\/\/kaiserdata.ch\/fr\/contact\/","title":{"rendered":"Contact"},"content":{"rendered":"\t\t<div data-elementor-type=\"wp-page\" data-elementor-id=\"1576\" class=\"elementor elementor-1576 elementor-472\" data-elementor-post-type=\"page\">\n\t\t\t\t<div class=\"elementor-element elementor-element-81fb96f e-flex e-con-boxed e-con e-parent\" data-id=\"81fb96f\" data-element_type=\"container\">\n\t\t\t\t\t<div class=\"e-con-inner\">\n\t\t<div class=\"elementor-element elementor-element-871fe84 e-con-full e-flex e-con e-child\" data-id=\"871fe84\" data-element_type=\"container\">\n\t\t<div class=\"elementor-element elementor-element-97cd059 e-flex e-con-boxed e-con e-child\" data-id=\"97cd059\" data-element_type=\"container\">\n\t\t\t\t\t<div class=\"e-con-inner\">\n\t\t\t\t<div class=\"elementor-element elementor-element-aff85b5 elementor-widget elementor-widget-heading\" data-id=\"aff85b5\" data-element_type=\"widget\" data-widget_type=\"heading.default\">\n\t\t\t\t<div class=\"elementor-widget-container\">\n\t\t\t\t\t<h1 class=\"elementor-heading-title elementor-size-default\">Prenez contact avec nous<\/h1>\t\t\t\t<\/div>\n\t\t\t\t<\/div>\n\t\t\t\t<div class=\"elementor-element elementor-element-fbed5b1 elementor-widget elementor-widget-text-editor\" data-id=\"fbed5b1\" data-element_type=\"widget\" data-widget_type=\"text-editor.default\">\n\t\t\t\t<div class=\"elementor-widget-container\">\n\t\t\t\t\t\t\t\t\t<p>Vous avez besoin d\u2019une aide technique ou de conseils? Contactez-nous! <\/p>\n\t\t\t\t\t\t\t\t<\/div>\n\t\t\t\t<\/div>\n\t\t\t\t\t<\/div>\n\t\t\t\t<\/div>\n\t\t<div class=\"elementor-element elementor-element-beca397 e-flex e-con-boxed e-con e-child\" data-id=\"beca397\" data-element_type=\"container\">\n\t\t\t\t\t<div class=\"e-con-inner\">\n\t\t\t\t<div class=\"elementor-element elementor-element-9bf723a elementor-widget elementor-widget-text-editor\" data-id=\"9bf723a\" data-element_type=\"widget\" data-widget_type=\"text-editor.default\">\n\t\t\t\t<div class=\"elementor-widget-container\">\n\t\t\t\t\t\t\t\t\t<p>+41 44 787 40 80<br \/>info@kaiserdata.ch<\/p>\n\t\t\t\t\t\t\t\t<\/div>\n\t\t\t\t<\/div>\n\t\t\t\t\t<\/div>\n\t\t\t\t<\/div>\n\t\t\t\t<\/div>\n\t\t<div class=\"elementor-element elementor-element-c4e2cd8 e-con-full e-flex e-con e-child\" data-id=\"c4e2cd8\" data-element_type=\"container\">\n\t\t\t\t<div class=\"elementor-element elementor-element-dd91135 elementor-widget elementor-widget-html\" data-id=\"dd91135\" data-element_type=\"widget\" data-widget_type=\"html.default\">\n\t\t\t\t<div class=\"elementor-widget-container\">\n\t\t\t\t\t<script>document.addEventListener(\"DOMContentLoaded\", function() {\n  var inputs = document.querySelectorAll(\"input, textarea\");\n\n  inputs.forEach(function(input) {\n    if (input.value.trim() !== \"\") {\n            var closestFieldGroup = input.closest(\".elementor-field-group\");\n            if (closestFieldGroup) {\n                var label = closestFieldGroup.querySelector(\"label\");\n                if (label) {\n                    label.classList.add(\"focused\", \"normalizecolor\");\n                }\n            }\n        }\n    input.addEventListener(\"focus\", function() {\n      var closestFieldGroup = input.closest(\".elementor-field-group\");\n      if (closestFieldGroup) {\n        var label = closestFieldGroup.querySelector(\"label\");\n        if (label) {\n          label.classList.add(\"focused\");\n        }\n      }\n    });\n    input.addEventListener(\"change\", function() {\n    var closestFieldGroup = input.closest(\".elementor-field-group\");\n    if (closestFieldGroup) {\n      var label = closestFieldGroup.querySelector(\"label\");\n      if (label) {\n        if (input.value.trim() !== \"\") {\n          label.classList.add(\"focused\", \"normalizecolor\");\n        } else {\n          label.classList.remove(\"focused\", \"normalizecolor\");\n        }\n      }\n    }\n  });\n\n\n    input.addEventListener(\"input\", function() {\n      var closestFieldGroup = input.closest(\".elementor-field-group\");\n      if (closestFieldGroup) {\n        var label = closestFieldGroup.querySelector(\"label\");\n        if (label) {\n          if (input.value.trim() === \"\") {\n            label.classList.remove(\"focused\");\n          } else {\n            label.classList.add(\"normalizecolor\");\n          }\n        }\n      }\n    });\n\n    input.addEventListener(\"blur\", function() {\n      var closestFieldGroup = input.closest(\".elementor-field-group\");\n      if (closestFieldGroup) {\n        var label = closestFieldGroup.querySelector(\"label\");\n        if (label) {\n          if (input.value.trim() === \"\") {\n            label.classList.remove(\"focused\");\n          } else {\n            label.classList.add(\"normalizecolor\");\n          }\n        }\n      }\n    });\n  }); \n});\n\n<\/script>\t\t\t\t<\/div>\n\t\t\t\t<\/div>\n\t\t\t\t<div class=\"elementor-element elementor-element-df6c469 elementor-button-align-stretch elementor-widget elementor-widget-form\" data-id=\"df6c469\" data-element_type=\"widget\" data-settings=\"{&quot;step_next_label&quot;:&quot;Next&quot;,&quot;step_previous_label&quot;:&quot;Previous&quot;,&quot;button_width&quot;:&quot;100&quot;,&quot;step_type&quot;:&quot;number_text&quot;,&quot;step_icon_shape&quot;:&quot;circle&quot;}\" data-widget_type=\"form.default\">\n\t\t\t\t<div class=\"elementor-widget-container\">\n\t\t\t\t\t\t\t<form class=\"elementor-form\" method=\"post\" name=\"New Form\" aria-label=\"New Form\">\n\t\t\t<input type=\"hidden\" name=\"post_id\" value=\"1576\"\/>\n\t\t\t<input type=\"hidden\" name=\"form_id\" value=\"df6c469\"\/>\n\t\t\t<input type=\"hidden\" name=\"referer_title\" value=\"Kaiser Data | Contact\" \/>\n\n\t\t\t\t\t\t\t<input type=\"hidden\" name=\"queried_id\" value=\"1576\"\/>\n\t\t\t\n\t\t\t<div class=\"elementor-form-fields-wrapper elementor-labels-above\">\n\t\t\t\t\t\t\t\t<div class=\"elementor-field-type-text elementor-field-group elementor-column elementor-field-group-name elementor-col-50 elementor-field-required elementor-mark-required\">\n\t\t\t\t\t\t\t\t\t\t\t\t<label for=\"form-field-name\" class=\"elementor-field-label\">\n\t\t\t\t\t\t\t\tNom\t\t\t\t\t\t\t<\/label>\n\t\t\t\t\t\t\t\t\t\t\t\t\t\t<input size=\"1\" type=\"text\" name=\"form_fields[name]\" id=\"form-field-name\" class=\"elementor-field elementor-size-md  elementor-field-textual\" required=\"required\">\n\t\t\t\t\t\t\t\t\t\t\t<\/div>\n\t\t\t\t\t\t\t\t<div class=\"elementor-field-type-text elementor-field-group elementor-column elementor-field-group-field_firstname elementor-col-50 elementor-field-required elementor-mark-required\">\n\t\t\t\t\t\t\t\t\t\t\t\t<label for=\"form-field-field_firstname\" class=\"elementor-field-label\">\n\t\t\t\t\t\t\t\tPr\u00e9nom\t\t\t\t\t\t\t<\/label>\n\t\t\t\t\t\t\t\t\t\t\t\t\t\t<input size=\"1\" type=\"text\" name=\"form_fields[field_firstname]\" id=\"form-field-field_firstname\" class=\"elementor-field elementor-size-md  elementor-field-textual\" required=\"required\">\n\t\t\t\t\t\t\t\t\t\t\t<\/div>\n\t\t\t\t\t\t\t\t<div class=\"elementor-field-type-text elementor-field-group elementor-column elementor-field-group-field_aa69156 elementor-col-100 elementor-field-required elementor-mark-required\">\n\t\t\t\t\t\t\t\t\t\t\t\t<label for=\"form-field-field_aa69156\" class=\"elementor-field-label\">\n\t\t\t\t\t\t\t\tCommune \/ Canton \/ Entreprise\t\t\t\t\t\t\t<\/label>\n\t\t\t\t\t\t\t\t\t\t\t\t\t\t<input size=\"1\" type=\"text\" name=\"form_fields[field_aa69156]\" id=\"form-field-field_aa69156\" class=\"elementor-field elementor-size-md  elementor-field-textual\" required=\"required\">\n\t\t\t\t\t\t\t\t\t\t\t<\/div>\n\t\t\t\t\t\t\t\t<div class=\"elementor-field-type-email elementor-field-group elementor-column elementor-field-group-email elementor-col-100 elementor-field-required elementor-mark-required\">\n\t\t\t\t\t\t\t\t\t\t\t\t<label for=\"form-field-email\" class=\"elementor-field-label\">\n\t\t\t\t\t\t\t\tE-mail\t\t\t\t\t\t\t<\/label>\n\t\t\t\t\t\t\t\t\t\t\t\t\t\t<input size=\"1\" type=\"email\" name=\"form_fields[email]\" id=\"form-field-email\" class=\"elementor-field elementor-size-md  elementor-field-textual\" required=\"required\">\n\t\t\t\t\t\t\t\t\t\t\t<\/div>\n\t\t\t\t\t\t\t\t<div class=\"elementor-field-type-tel elementor-field-group elementor-column elementor-field-group-field_d2b4770 elementor-col-100\">\n\t\t\t\t\t\t\t\t\t\t\t\t<label for=\"form-field-field_d2b4770\" class=\"elementor-field-label\">\n\t\t\t\t\t\t\t\tNum\u00e9ro de t\u00e9l\u00e9phone\t\t\t\t\t\t\t<\/label>\n\t\t\t\t\t\t\t\t<input size=\"1\" type=\"tel\" name=\"form_fields[field_d2b4770]\" id=\"form-field-field_d2b4770\" class=\"elementor-field elementor-size-md  elementor-field-textual\" pattern=\"[0-9()#&amp;+*-=.]+\" title=\"Seuls les caract\u00e8res de num\u00e9ros de t\u00e9l\u00e9phone (#, -, *, etc.) sont accept\u00e9s.\">\n\n\t\t\t\t\t\t<\/div>\n\t\t\t\t\t\t\t\t<div class=\"elementor-field-type-textarea elementor-field-group elementor-column elementor-field-group-message elementor-col-100 elementor-field-required elementor-mark-required\">\n\t\t\t\t\t\t\t\t\t\t\t\t<label for=\"form-field-message\" class=\"elementor-field-label\">\n\t\t\t\t\t\t\t\tVotre message\u2026\t\t\t\t\t\t\t<\/label>\n\t\t\t\t\t\t<textarea class=\"elementor-field-textual elementor-field  elementor-size-md\" name=\"form_fields[message]\" id=\"form-field-message\" rows=\"3\" required=\"required\"><\/textarea>\t\t\t\t<\/div>\n\t\t\t\t\t\t\t\t<div class=\"elementor-field-type-acceptance elementor-field-group elementor-column elementor-field-group-field_4249f6a elementor-col-100 elementor-field-required elementor-mark-required\">\n\t\t\t\t\t\t\t<div class=\"elementor-field-subgroup\">\n\t\t\t<span class=\"elementor-field-option\">\n\t\t\t\t<input type=\"checkbox\" name=\"form_fields[field_4249f6a]\" id=\"form-field-field_4249f6a\" class=\"elementor-field elementor-size-md  elementor-acceptance-field\" required=\"required\">\n\t\t\t\t<label for=\"form-field-field_4249f6a\">En cochant cette case, vous d\u00e9clarez votre accord avec notre <a href=\"https:\/\/kaiserdata.ch\/fr\/impressum-et-protection-des-donnees\/\" target=\"_blank\">D\u00e9claration de protection<\/a> des donn\u00e9es.<\/label>\t\t\t<\/span>\n\t\t<\/div>\n\t\t\t\t\t\t<\/div>\n\t\t\t\t\t\t\t\t<div class=\"elementor-field-type-recaptcha_v3 elementor-field-group elementor-column elementor-field-group-field_a66a7a9 elementor-col-100 recaptcha_v3-bottomright\">\n\t\t\t\t\t<div class=\"elementor-field\" id=\"form-field-field_a66a7a9\"><div class=\"elementor-g-recaptcha\" data-sitekey=\"6LcIRwYqAAAAAODlmUmOMgNietSeiZW6GqZYGwFo\" data-type=\"v3\" data-action=\"Form\" data-badge=\"bottomright\" data-size=\"invisible\"><\/div><\/div>\t\t\t\t<\/div>\n\t\t\t\t\t\t\t\t<div class=\"elementor-field-group elementor-column elementor-field-type-submit elementor-col-100 e-form__buttons\">\n\t\t\t\t\t<button class=\"elementor-button elementor-size-sm\" type=\"submit\">\n\t\t\t\t\t\t<span class=\"elementor-button-content-wrapper\">\n\t\t\t\t\t\t\t\t\t\t\t\t\t\t\t\t\t\t\t\t\t\t<span class=\"elementor-button-text\">Envoyer<\/span>\n\t\t\t\t\t\t\t\t\t\t\t\t\t<\/span>\n\t\t\t\t\t<\/button>\n\t\t\t\t<\/div>\n\t\t\t<\/div>\n\t\t<\/form>\n\t\t\t\t\t\t<\/div>\n\t\t\t\t<\/div>\n\t\t\t\t<\/div>\n\t\t\t\t\t<\/div>\n\t\t\t\t<\/div>\n\t\t\t\t<\/div>\n\t\t","protected":false},"excerpt":{"rendered":"<p>Prenez contact avec nous Vous avez besoin d\u2019une aide technique ou de conseils? Contactez-nous! +41 44 787 40 80info@kaiserdata.ch<\/p>\n","protected":false},"author":2,"featured_media":0,"parent":0,"menu_order":0,"comment_status":"closed","ping_status":"closed","template":"","meta":{"_acf_changed":false,"iawp_total_views":207,"footnotes":""},"class_list":["post-1576","page","type-page","status-publish","hentry"],"acf":[],"aioseo_notices":[],"_links":{"self":[{"href":"https:\/\/kaiserdata.ch\/fr\/wp-json\/wp\/v2\/pages\/1576","targetHints":{"allow":["GET"]}}],"collection":[{"href":"https:\/\/kaiserdata.ch\/fr\/wp-json\/wp\/v2\/pages"}],"about":[{"href":"https:\/\/kaiserdata.ch\/fr\/wp-json\/wp\/v2\/types\/page"}],"author":[{"embeddable":true,"href":"https:\/\/kaiserdata.ch\/fr\/wp-json\/wp\/v2\/users\/2"}],"replies":[{"embeddable":true,"href":"https:\/\/kaiserdata.ch\/fr\/wp-json\/wp\/v2\/comments?post=1576"}],"version-history":[{"count":10,"href":"https:\/\/kaiserdata.ch\/fr\/wp-json\/wp\/v2\/pages\/1576\/revisions"}],"predecessor-version":[{"id":1737,"href":"https:\/\/kaiserdata.ch\/fr\/wp-json\/wp\/v2\/pages\/1576\/revisions\/1737"}],"wp:attachment":[{"href":"https:\/\/kaiserdata.ch\/fr\/wp-json\/wp\/v2\/media?parent=1576"}],"curies":[{"name":"wp","href":"https:\/\/api.w.org\/{rel}","templated":true}]}}