{"id":1574,"date":"2024-01-24T11:52:33","date_gmt":"2024-01-24T10:52:33","guid":{"rendered":"https:\/\/kaiserdata.ch\/home\/"},"modified":"2025-12-19T12:23:50","modified_gmt":"2025-12-19T11:23:50","slug":"home","status":"publish","type":"page","link":"https:\/\/kaiserdata.ch\/fr\/","title":{"rendered":"Home"},"content":{"rendered":"\t\t<div data-elementor-type=\"wp-page\" data-elementor-id=\"1574\" class=\"elementor elementor-1574 elementor-35\" data-elementor-post-type=\"page\">\n\t\t\t\t<div class=\"elementor-element elementor-element-e563c79 e-flex e-con-boxed e-con e-parent\" data-id=\"e563c79\" data-element_type=\"container\">\n\t\t\t\t\t<div class=\"e-con-inner\">\n\t\t<div class=\"elementor-element elementor-element-cbaab3d e-con-full e-flex e-con e-child\" data-id=\"cbaab3d\" data-element_type=\"container\" data-settings=\"{&quot;motion_fx_motion_fx_scrolling&quot;:&quot;yes&quot;,&quot;motion_fx_opacity_effect&quot;:&quot;yes&quot;,&quot;motion_fx_opacity_direction&quot;:&quot;in-out&quot;,&quot;motion_fx_opacity_range&quot;:{&quot;unit&quot;:&quot;%&quot;,&quot;size&quot;:&quot;&quot;,&quot;sizes&quot;:{&quot;start&quot;:80,&quot;end&quot;:100}},&quot;motion_fx_opacity_level&quot;:{&quot;unit&quot;:&quot;px&quot;,&quot;size&quot;:10,&quot;sizes&quot;:[]},&quot;motion_fx_devices&quot;:[&quot;desktop&quot;,&quot;laptop&quot;,&quot;tablet&quot;,&quot;mobile&quot;]}\">\n\t\t\t\t<div class=\"elementor-element elementor-element-0213e08 textWordReveal animated-fast elementor-invisible elementor-widget elementor-widget-heading\" data-id=\"0213e08\" data-element_type=\"widget\" data-settings=\"{&quot;_animation&quot;:&quot;fadeIn&quot;}\" data-widget_type=\"heading.default\">\n\t\t\t\t<div class=\"elementor-widget-container\">\n\t\t\t\t\t<h1 class=\"elementor-heading-title elementor-size-default\">Ce qui va compter \u00e0 l\u2019avenir \u2013 <span class=\"mix-type blue\">processing ideas<\/span><\/h1>\t\t\t\t<\/div>\n\t\t\t\t<\/div>\n\t\t\t\t<\/div>\n\t\t\t\t\t<\/div>\n\t\t\t\t<\/div>\n\t\t<div class=\"elementor-element elementor-element-1b8ef37 e-con-full e-flex elementor-invisible e-con e-parent\" data-id=\"1b8ef37\" data-element_type=\"container\" data-settings=\"{&quot;animation&quot;:&quot;slideInUp&quot;,&quot;animation_delay&quot;:400}\">\n\t\t<div class=\"elementor-element elementor-element-8653270 e-flex e-con-boxed e-con e-child\" data-id=\"8653270\" data-element_type=\"container\">\n\t\t\t\t\t<div class=\"e-con-inner\">\n\t\t\t\t<div class=\"elementor-element elementor-element-f3bb7cc elementor-widget elementor-widget-tp-shape-divider\" data-id=\"f3bb7cc\" data-element_type=\"widget\" data-widget_type=\"tp-shape-divider.default\">\n\t\t\t\t<div class=\"elementor-widget-container\">\n\t\t\t\t\t<div id=\"shapef3bb7cc\" class=\"tp-plus-shape-divider shape-wave shapef3bb7cc shape-top \" data-id=\"shapef3bb7cc\" data-position=\"top\" data-section-type=\"row\"><svg class=\"wave-items classic-color elementor-repeater-item-482bef8\" width=\"100%\" height=\"80\" version=\"1.1\" xmlns=\"http:\/\/www.w3.org\/2000\/svg\" class=\"wave\" #8072fc data-height=\"80\" data-bones=\"3\" data-amplitude=\"40\" data-speed=\"0.2\" ><defs><\/defs><path id=\"wave-482bef8\" d=\"\" \/><\/svg><svg class=\"wave-items classic-color elementor-repeater-item-0521141\" width=\"100%\" height=\"60\" version=\"1.1\" xmlns=\"http:\/\/www.w3.org\/2000\/svg\" class=\"wave\" data-color=\"#0070B37A\" data-height=\"60\" data-bones=\"4\" data-amplitude=\"40\" data-speed=\"0.2\" ><defs><\/defs><path id=\"wave-0521141\" d=\"\" \/><\/svg><\/div>\t\t\t\t<\/div>\n\t\t\t\t<\/div>\n\t\t\t\t\t<\/div>\n\t\t\t\t<\/div>\n\t\t<div class=\"elementor-element elementor-element-c058dec e-flex e-con-boxed e-con e-child\" data-id=\"c058dec\" data-element_type=\"container\" data-settings=\"{&quot;background_background&quot;:&quot;classic&quot;}\">\n\t\t\t\t\t<div class=\"e-con-inner\">\n\t\t<div class=\"elementor-element elementor-element-d30a255 e-flex e-con-boxed e-con e-child\" data-id=\"d30a255\" data-element_type=\"container\">\n\t\t\t\t\t<div class=\"e-con-inner\">\n\t\t\t\t<div class=\"elementor-element elementor-element-a88d177 textWordReveal animated-fast elementor-invisible elementor-widget elementor-widget-heading\" data-id=\"a88d177\" data-element_type=\"widget\" data-settings=\"{&quot;motion_fx_motion_fx_scrolling&quot;:&quot;yes&quot;,&quot;motion_fx_translateY_effect&quot;:&quot;yes&quot;,&quot;motion_fx_translateY_direction&quot;:&quot;negative&quot;,&quot;motion_fx_translateY_speed&quot;:{&quot;unit&quot;:&quot;px&quot;,&quot;size&quot;:1,&quot;sizes&quot;:[]},&quot;motion_fx_translateY_affectedRange&quot;:{&quot;unit&quot;:&quot;%&quot;,&quot;size&quot;:&quot;&quot;,&quot;sizes&quot;:{&quot;start&quot;:25,&quot;end&quot;:100}},&quot;motion_fx_opacity_effect&quot;:&quot;yes&quot;,&quot;motion_fx_opacity_direction&quot;:&quot;in-out&quot;,&quot;motion_fx_opacity_range&quot;:{&quot;unit&quot;:&quot;%&quot;,&quot;size&quot;:&quot;&quot;,&quot;sizes&quot;:{&quot;start&quot;:60,&quot;end&quot;:80}},&quot;_animation&quot;:&quot;fadeIn&quot;,&quot;_animation_delay&quot;:1500,&quot;motion_fx_opacity_level&quot;:{&quot;unit&quot;:&quot;px&quot;,&quot;size&quot;:10,&quot;sizes&quot;:[]},&quot;motion_fx_devices&quot;:[&quot;desktop&quot;,&quot;laptop&quot;,&quot;tablet&quot;,&quot;mobile&quot;]}\" data-widget_type=\"heading.default\">\n\t\t\t\t<div class=\"elementor-widget-container\">\n\t\t\t\t\t<h2 class=\"elementor-heading-title elementor-size-default\">D\u00e9couvrez <span class=\"mix-type\">SuisseVote<\/span><\/h2>\t\t\t\t<\/div>\n\t\t\t\t<\/div>\n\t\t\t\t<div class=\"elementor-element elementor-element-f3e5811 elementor-view-default elementor-invisible elementor-widget elementor-widget-icon\" data-id=\"f3e5811\" data-element_type=\"widget\" data-settings=\"{&quot;motion_fx_motion_fx_scrolling&quot;:&quot;yes&quot;,&quot;motion_fx_opacity_effect&quot;:&quot;yes&quot;,&quot;motion_fx_opacity_direction&quot;:&quot;in-out&quot;,&quot;motion_fx_opacity_range&quot;:{&quot;unit&quot;:&quot;%&quot;,&quot;size&quot;:&quot;&quot;,&quot;sizes&quot;:{&quot;start&quot;:20,&quot;end&quot;:50}},&quot;_animation&quot;:&quot;fadeIn&quot;,&quot;_animation_delay&quot;:2000,&quot;motion_fx_translateY_effect&quot;:&quot;yes&quot;,&quot;motion_fx_translateY_direction&quot;:&quot;negative&quot;,&quot;motion_fx_translateY_speed&quot;:{&quot;unit&quot;:&quot;px&quot;,&quot;size&quot;:1,&quot;sizes&quot;:[]},&quot;motion_fx_translateY_affectedRange&quot;:{&quot;unit&quot;:&quot;%&quot;,&quot;size&quot;:&quot;&quot;,&quot;sizes&quot;:{&quot;start&quot;:25,&quot;end&quot;:100}},&quot;motion_fx_opacity_level&quot;:{&quot;unit&quot;:&quot;px&quot;,&quot;size&quot;:10,&quot;sizes&quot;:[]},&quot;motion_fx_devices&quot;:[&quot;desktop&quot;,&quot;laptop&quot;,&quot;tablet&quot;,&quot;mobile&quot;]}\" data-widget_type=\"icon.default\">\n\t\t\t\t<div class=\"elementor-widget-container\">\n\t\t\t\t\t\t\t<div class=\"elementor-icon-wrapper\">\n\t\t\t<a class=\"elementor-icon\" href=\"\/#suissevote\">\n\t\t\t<i aria-hidden=\"true\" class=\"icon icon-arrow-down\"><\/i>\t\t\t<\/a>\n\t\t<\/div>\n\t\t\t\t\t\t<\/div>\n\t\t\t\t<\/div>\n\t\t\t\t\t<\/div>\n\t\t\t\t<\/div>\n\t\t<div class=\"elementor-element elementor-element-96559b9 e-flex e-con-boxed e-con e-child\" data-id=\"96559b9\" data-element_type=\"container\" id=\"suissevote\">\n\t\t\t\t\t<div class=\"e-con-inner\">\n\t\t<div class=\"elementor-element elementor-element-5520e86 e-flex e-con-boxed e-con e-child\" data-id=\"5520e86\" data-element_type=\"container\" data-settings=\"{&quot;motion_fx_motion_fx_scrolling&quot;:&quot;yes&quot;,&quot;motion_fx_opacity_effect&quot;:&quot;yes&quot;,&quot;motion_fx_opacity_range&quot;:{&quot;unit&quot;:&quot;%&quot;,&quot;size&quot;:&quot;&quot;,&quot;sizes&quot;:{&quot;start&quot;:20,&quot;end&quot;:50}},&quot;motion_fx_devices&quot;:[&quot;desktop&quot;,&quot;laptop&quot;],&quot;motion_fx_opacity_direction&quot;:&quot;out-in&quot;,&quot;motion_fx_opacity_level&quot;:{&quot;unit&quot;:&quot;px&quot;,&quot;size&quot;:10,&quot;sizes&quot;:[]}}\">\n\t\t\t\t\t<div class=\"e-con-inner\">\n\t\t<div class=\"elementor-element elementor-element-cdadba1 e-con-full e-flex e-con e-child\" data-id=\"cdadba1\" data-element_type=\"container\">\n\t\t\t\t<div class=\"elementor-element elementor-element-3ce1034 textWordReveal animated-fast elementor-invisible elementor-widget elementor-widget-heading\" data-id=\"3ce1034\" data-element_type=\"widget\" data-settings=\"{&quot;_animation&quot;:&quot;fadeIn&quot;}\" data-widget_type=\"heading.default\">\n\t\t\t\t<div class=\"elementor-widget-container\">\n\t\t\t\t\t<h2 class=\"elementor-heading-title elementor-size-default\">Nous repensons les dimanches de votations \u2013 \n<span class=\"mix-type light-blue\">avec vous<\/span><\/h2>\t\t\t\t<\/div>\n\t\t\t\t<\/div>\n\t\t\t\t<div class=\"elementor-element elementor-element-39a0ab9 elementor-widget elementor-widget-text-editor\" data-id=\"39a0ab9\" data-element_type=\"widget\" data-widget_type=\"text-editor.default\">\n\t\t\t\t<div class=\"elementor-widget-container\">\n\t\t\t\t\t\t\t\t\t<p>Gr\u00e2ce \u00e0 SuisseVote, vous simplifiez votre logistique et votre organisation les dimanches de votations. Et vous am\u00e9liorez l\u2019efficacit\u00e9 et la pr\u00e9cision lors du d\u00e9pouillement du scrutin. <\/p>\n\t\t\t\t\t\t\t\t<\/div>\n\t\t\t\t<\/div>\n\t\t\t\t<\/div>\n\t\t\t\t<div class=\"elementor-element elementor-element-bc09e3d animated-fast elementor-invisible elementor-widget elementor-widget-tp-button\" data-id=\"bc09e3d\" data-element_type=\"widget\" data-settings=\"{&quot;_animation&quot;:&quot;fadeInLeft&quot;,&quot;_animation_delay&quot;:800}\" data-widget_type=\"tp-button.default\">\n\t\t\t\t<div class=\"elementor-widget-container\">\n\t\t\t\t\t<div class=\"pt-plus-button-wrapper   text-left   \"><div class=\"button_parallax   \" ><div id=\"button69e49cb4bbfe8\"  class=\" text-left ts-button content_hover_effect content_hover_float  \" ><div class=\"pt_plus_button btn69e49cb4bb94c button-style-8   \"  ><div class=\"animted-content-inner \"><a href=\"https:\/\/kaiserdata.ch\/fr\/suissevote\/\" class=\"button-link-wrap \" role=\"button\" data-hover=\"Nos solutions de num\u00e9risation\"  >Nos solutions de num\u00e9risation<span class=\"btn-icon button-after\"><i aria-hidden=\"true\" class=\"icon icon-arrow-right\"><\/i><\/span><\/a><\/div><\/div><\/div><\/div><\/div>\t\t\t\t<\/div>\n\t\t\t\t<\/div>\n\t\t\t\t\t<\/div>\n\t\t\t\t<\/div>\n\t\t\t\t\t<\/div>\n\t\t\t\t<\/div>\n\t\t\t\t<div class=\"elementor-element elementor-element-9875928 element-reveal-left elementor-widget-divider--view-line elementor-invisible elementor-widget elementor-widget-divider\" data-id=\"9875928\" data-element_type=\"widget\" data-settings=\"{&quot;_animation&quot;:&quot;zoomInUp&quot;}\" data-widget_type=\"divider.default\">\n\t\t\t\t<div class=\"elementor-widget-container\">\n\t\t\t\t\t\t\t<div class=\"elementor-divider\">\n\t\t\t<span class=\"elementor-divider-separator\">\n\t\t\t\t\t\t<\/span>\n\t\t<\/div>\n\t\t\t\t\t\t<\/div>\n\t\t\t\t<\/div>\n\t\t<div class=\"elementor-element elementor-element-7d7ee00 e-flex e-con-boxed e-con e-child\" data-id=\"7d7ee00\" data-element_type=\"container\">\n\t\t\t\t\t<div class=\"e-con-inner\">\n\t\t<div class=\"elementor-element elementor-element-31c743a e-flex e-con-boxed e-con e-child\" data-id=\"31c743a\" data-element_type=\"container\" data-settings=\"{&quot;motion_fx_motion_fx_scrolling&quot;:&quot;yes&quot;,&quot;motion_fx_opacity_effect&quot;:&quot;yes&quot;,&quot;motion_fx_opacity_range&quot;:{&quot;unit&quot;:&quot;%&quot;,&quot;size&quot;:&quot;&quot;,&quot;sizes&quot;:{&quot;start&quot;:20,&quot;end&quot;:50}},&quot;motion_fx_devices&quot;:[&quot;desktop&quot;,&quot;laptop&quot;],&quot;motion_fx_opacity_direction&quot;:&quot;out-in&quot;,&quot;motion_fx_opacity_level&quot;:{&quot;unit&quot;:&quot;px&quot;,&quot;size&quot;:10,&quot;sizes&quot;:[]}}\">\n\t\t\t\t\t<div class=\"e-con-inner\">\n\t\t<div class=\"elementor-element elementor-element-9a9f09a e-con-full e-flex e-con e-child\" data-id=\"9a9f09a\" data-element_type=\"container\">\n\t\t\t\t<div class=\"elementor-element elementor-element-ed4b128 textWordReveal animated-fast elementor-invisible elementor-widget elementor-widget-heading\" data-id=\"ed4b128\" data-element_type=\"widget\" data-settings=\"{&quot;_animation&quot;:&quot;fadeIn&quot;}\" data-widget_type=\"heading.default\">\n\t\t\t\t<div class=\"elementor-widget-container\">\n\t\t\t\t\t<h2 class=\"elementor-heading-title elementor-size-default\">Vous r\u00e9fl\u00e9chissez aux autres avantages de SuisseVote \u2013 \n<span class=\"mix-type light-blue\">pour votre commune?<\/span><\/h2>\t\t\t\t<\/div>\n\t\t\t\t<\/div>\n\t\t\t\t<div class=\"elementor-element elementor-element-aabf7fb elementor-widget elementor-widget-text-editor\" data-id=\"aabf7fb\" data-element_type=\"widget\" data-widget_type=\"text-editor.default\">\n\t\t\t\t<div class=\"elementor-widget-container\">\n\t\t\t\t\t\t\t\t\t<p>Prenez rendez-vous pour une d\u00e9monstration gratuite en direct. Nous nous r\u00e9jouissons de faire votre connaissance et de vous pr\u00e9senter un syst\u00e8me de d\u00e9pouillement vraiment performant. <\/p>\n\t\t\t\t\t\t\t\t<\/div>\n\t\t\t\t<\/div>\n\t\t\t\t<\/div>\n\t\t\t\t<div class=\"elementor-element elementor-element-cf9807e animated-fast elementor-invisible elementor-widget elementor-widget-tp-button\" data-id=\"cf9807e\" data-element_type=\"widget\" data-settings=\"{&quot;_animation&quot;:&quot;fadeInLeft&quot;,&quot;_animation_delay&quot;:800}\" data-widget_type=\"tp-button.default\">\n\t\t\t\t<div class=\"elementor-widget-container\">\n\t\t\t\t\t<div class=\"pt-plus-button-wrapper   text-left   \"><div class=\"button_parallax   \" ><div id=\"button69e49cb4bd580\"  class=\" text-left ts-button content_hover_effect content_hover_float  \" ><div class=\"pt_plus_button btn69e49cb4bcfa0 button-style-8   \"  ><div class=\"animted-content-inner \"><a href=\"#elementor-action%3Aaction%3Dpopup%3Aopen%26settings%3DeyJpZCI6IjIxMzgiLCJ0b2dnbGUiOmZhbHNlfQ%3D%3D\" class=\"button-link-wrap \" role=\"button\" data-hover=\"Je prends rendez-vous\"  >Je prends rendez-vous<span class=\"btn-icon button-after\"><i aria-hidden=\"true\" class=\"icon icon-arrow-right\"><\/i><\/span><\/a><\/div><\/div><\/div><\/div><\/div>\t\t\t\t<\/div>\n\t\t\t\t<\/div>\n\t\t\t\t\t<\/div>\n\t\t\t\t<\/div>\n\t\t\t\t\t<\/div>\n\t\t\t\t<\/div>\n\t\t\t\t\t<\/div>\n\t\t\t\t<\/div>\n\t\t\t\t<\/div>\n\t\t<div class=\"elementor-element elementor-element-ed98e63 e-flex e-con-boxed e-con e-parent\" data-id=\"ed98e63\" data-element_type=\"container\">\n\t\t\t\t\t<div class=\"e-con-inner\">\n\t\t<div class=\"elementor-element elementor-element-1c5b9c9 e-con-full e-flex elementor-invisible e-con e-child\" data-id=\"1c5b9c9\" data-element_type=\"container\" data-settings=\"{&quot;animation_laptop&quot;:&quot;fadeInUp&quot;,&quot;animation&quot;:&quot;fadeInUp&quot;}\">\n\t\t<div class=\"elementor-element elementor-element-22e059e e-flex e-con-boxed e-con e-child\" data-id=\"22e059e\" data-element_type=\"container\">\n\t\t\t\t\t<div class=\"e-con-inner\">\n\t\t\t\t<div class=\"elementor-element elementor-element-4cd6fca elementor-widget elementor-widget-heading\" data-id=\"4cd6fca\" data-element_type=\"widget\" data-widget_type=\"heading.default\">\n\t\t\t\t<div class=\"elementor-widget-container\">\n\t\t\t\t\t<h2 class=\"elementor-heading-title elementor-size-default\">Kaiser Data<\/h2>\t\t\t\t<\/div>\n\t\t\t\t<\/div>\n\t\t\t\t<div class=\"elementor-element elementor-element-ee38062 elementor-widget elementor-widget-text-editor\" data-id=\"ee38062\" data-element_type=\"widget\" data-widget_type=\"text-editor.default\">\n\t\t\t\t<div class=\"elementor-widget-container\">\n\t\t\t\t\t\t\t\t\t<p>Pionniers dans le traitement num\u00e9rique du papier, nous aidons notre client\u00e8le \u00e0 travailler de mani\u00e8re plus efficace, plus \u00e9cologique, plus confortable et plus \u00e9conomique.<\/p>\n\t\t\t\t\t\t\t\t<\/div>\n\t\t\t\t<\/div>\n\t\t\t\t\t<\/div>\n\t\t\t\t<\/div>\n\t\t\t\t<div class=\"elementor-element elementor-element-42820a8 elementor-widget elementor-widget-tp-button\" data-id=\"42820a8\" data-element_type=\"widget\" data-widget_type=\"tp-button.default\">\n\t\t\t\t<div class=\"elementor-widget-container\">\n\t\t\t\t\t<div class=\"pt-plus-button-wrapper   text-left   \"><div class=\"button_parallax   \" ><div id=\"button69e49cb4be572\"  class=\" text-left ts-button content_hover_effect content_hover_float  \" ><div class=\"pt_plus_button btn69e49cb4be163 button-style-8   \"  ><div class=\"animted-content-inner \"><a href=\"https:\/\/kaiserdata.ch\/fr\/a-propos-de-nous\/\" class=\"button-link-wrap \" role=\"button\" data-hover=\"\u00c0 propos de nous\"  >\u00c0 propos de nous<span class=\"btn-icon button-after\"><i aria-hidden=\"true\" class=\"icon icon-arrow-right\"><\/i><\/span><\/a><\/div><\/div><\/div><\/div><\/div>\t\t\t\t<\/div>\n\t\t\t\t<\/div>\n\t\t\t\t<\/div>\n\t\t<div class=\"elementor-element elementor-element-0b35bbd e-con-full e-flex elementor-invisible e-con e-child\" data-id=\"0b35bbd\" data-element_type=\"container\" data-settings=\"{&quot;animation_laptop&quot;:&quot;fadeInUp&quot;,&quot;animation&quot;:&quot;fadeIn&quot;,&quot;animation_delay&quot;:400}\">\n\t\t\t\t<div class=\"elementor-element elementor-element-6a78565 elementor-widget-divider--view-line elementor-widget elementor-widget-divider\" data-id=\"6a78565\" data-element_type=\"widget\" data-widget_type=\"divider.default\">\n\t\t\t\t<div class=\"elementor-widget-container\">\n\t\t\t\t\t\t\t<div class=\"elementor-divider\">\n\t\t\t<span class=\"elementor-divider-separator\">\n\t\t\t\t\t\t<\/span>\n\t\t<\/div>\n\t\t\t\t\t\t<\/div>\n\t\t\t\t<\/div>\n\t\t\t\t<\/div>\n\t\t<div class=\"elementor-element elementor-element-5c39088 e-con-full e-flex elementor-invisible e-con e-child\" data-id=\"5c39088\" data-element_type=\"container\" data-settings=\"{&quot;animation_laptop&quot;:&quot;fadeInUp&quot;,&quot;animation&quot;:&quot;fadeInUp&quot;}\">\n\t\t<div class=\"elementor-element elementor-element-e0366cc e-flex e-con-boxed e-con e-child\" data-id=\"e0366cc\" data-element_type=\"container\">\n\t\t\t\t\t<div class=\"e-con-inner\">\n\t\t\t\t<div class=\"elementor-element elementor-element-3116334 elementor-widget elementor-widget-heading\" data-id=\"3116334\" data-element_type=\"widget\" data-widget_type=\"heading.default\">\n\t\t\t\t<div class=\"elementor-widget-container\">\n\t\t\t\t\t<h2 class=\"elementor-heading-title elementor-size-default\">Nos autres produits<\/h2>\t\t\t\t<\/div>\n\t\t\t\t<\/div>\n\t\t\t\t<div class=\"elementor-element elementor-element-587f0e6 elementor-widget elementor-widget-text-editor\" data-id=\"587f0e6\" data-element_type=\"widget\" data-widget_type=\"text-editor.default\">\n\t\t\t\t<div class=\"elementor-widget-container\">\n\t\t\t\t\t\t\t\t\t<p>Du scanneur de documents au logiciel sp\u00e9cialis\u00e9 en passant par la personnalisation des formulaires: nous proposons des solutions de num\u00e9risation fiables pour le secteur de la sant\u00e9.<\/p>\n\t\t\t\t\t\t\t\t<\/div>\n\t\t\t\t<\/div>\n\t\t\t\t\t<\/div>\n\t\t\t\t<\/div>\n\t\t\t\t<div class=\"elementor-element elementor-element-323eddf elementor-widget elementor-widget-tp-button\" data-id=\"323eddf\" data-element_type=\"widget\" data-widget_type=\"tp-button.default\">\n\t\t\t\t<div class=\"elementor-widget-container\">\n\t\t\t\t\t<div class=\"pt-plus-button-wrapper   text-left   \"><div class=\"button_parallax   \" ><div id=\"button69e49cb4bf6bd\"  class=\" text-left ts-button content_hover_effect content_hover_float  \" ><div class=\"pt_plus_button btn69e49cb4bf27f button-style-8   \"  ><div class=\"animted-content-inner \"><a href=\"https:\/\/kaiserdata.ch\/fr\/nos-autres-produits\/\" class=\"button-link-wrap \" role=\"button\" data-hover=\"Nos solutions de num\u00e9risation\"  >Nos solutions de num\u00e9risation<span class=\"btn-icon button-after\"><i aria-hidden=\"true\" class=\"icon icon-arrow-right\"><\/i><\/span><\/a><\/div><\/div><\/div><\/div><\/div>\t\t\t\t<\/div>\n\t\t\t\t<\/div>\n\t\t\t\t<\/div>\n\t\t\t\t\t<\/div>\n\t\t\t\t<\/div>\n\t\t\t\t<\/div>\n\t\t","protected":false},"excerpt":{"rendered":"<p>Ce qui va compter \u00e0 l\u2019avenir \u2013 processing ideas D\u00e9couvrez SuisseVote Nous repensons les dimanches de votations \u2013 avec vous Gr\u00e2ce \u00e0 SuisseVote, vous simplifiez votre logistique et votre organisation les dimanches de votations. Et vous am\u00e9liorez l\u2019efficacit\u00e9 et la pr\u00e9cision lors du d\u00e9pouillement du scrutin. Nos solutions de num\u00e9risation Vous r\u00e9fl\u00e9chissez aux autres avantages [&hellip;]<\/p>\n","protected":false},"author":2,"featured_media":0,"parent":0,"menu_order":0,"comment_status":"closed","ping_status":"closed","template":"","meta":{"_acf_changed":false,"iawp_total_views":1220,"footnotes":""},"class_list":["post-1574","page","type-page","status-publish","hentry"],"acf":[],"aioseo_notices":[],"_links":{"self":[{"href":"https:\/\/kaiserdata.ch\/fr\/wp-json\/wp\/v2\/pages\/1574","targetHints":{"allow":["GET"]}}],"collection":[{"href":"https:\/\/kaiserdata.ch\/fr\/wp-json\/wp\/v2\/pages"}],"about":[{"href":"https:\/\/kaiserdata.ch\/fr\/wp-json\/wp\/v2\/types\/page"}],"author":[{"embeddable":true,"href":"https:\/\/kaiserdata.ch\/fr\/wp-json\/wp\/v2\/users\/2"}],"replies":[{"embeddable":true,"href":"https:\/\/kaiserdata.ch\/fr\/wp-json\/wp\/v2\/comments?post=1574"}],"version-history":[{"count":18,"href":"https:\/\/kaiserdata.ch\/fr\/wp-json\/wp\/v2\/pages\/1574\/revisions"}],"predecessor-version":[{"id":2144,"href":"https:\/\/kaiserdata.ch\/fr\/wp-json\/wp\/v2\/pages\/1574\/revisions\/2144"}],"wp:attachment":[{"href":"https:\/\/kaiserdata.ch\/fr\/wp-json\/wp\/v2\/media?parent=1574"}],"curies":[{"name":"wp","href":"https:\/\/api.w.org\/{rel}","templated":true}]}}